{"id":13902,"date":"2021-07-06T10:52:41","date_gmt":"2021-07-06T15:52:41","guid":{"rendered":"https:\/\/www.accuray.com\/estudios-de-casos\/"},"modified":"2022-03-16T12:51:15","modified_gmt":"2022-03-16T17:51:15","slug":"estudios-de-casos","status":"publish","type":"page","link":"https:\/\/www.accuray.com\/es\/estudios-de-casos\/","title":{"rendered":"Estudios de casos"},"content":{"rendered":"\t\t<div data-elementor-type=\"wp-page\" data-elementor-id=\"13902\" class=\"elementor elementor-13902\" data-elementor-post-type=\"page\">\n\t\t\t\t\t\t<section class=\"elementor-section elementor-top-section elementor-element elementor-element-80665cc elementor-section-height-min-height elementor-section-boxed elementor-section-height-default elementor-section-items-middle\" data-id=\"80665cc\" data-element_type=\"section\" data-e-type=\"section\" data-settings=\"{&quot;background_background&quot;:&quot;classic&quot;}\">\n\t\t\t\t\t\t<div class=\"elementor-container elementor-column-gap-default\">\n\t\t\t\t\t<div class=\"elementor-column elementor-col-100 elementor-top-column elementor-element elementor-element-3526263\" data-id=\"3526263\" data-element_type=\"column\" data-e-type=\"column\">\n\t\t\t<div class=\"elementor-widget-wrap elementor-element-populated\">\n\t\t\t\t\t\t<div class=\"elementor-element elementor-element-15a9d9e elementor-widget elementor-widget-heading\" data-id=\"15a9d9e\" data-element_type=\"widget\" data-e-type=\"widget\" data-widget_type=\"heading.default\">\n\t\t\t\t<div class=\"elementor-widget-container\">\n\t\t\t\t\t<h2 class=\"elementor-heading-title elementor-size-default\">Estudios de casos<\/h2>\t\t\t\t<\/div>\n\t\t\t\t<\/div>\n\t\t\t\t<div class=\"elementor-element elementor-element-f2435a0 elementor-widget elementor-widget-text-editor\" data-id=\"f2435a0\" data-element_type=\"widget\" data-e-type=\"widget\" data-widget_type=\"text-editor.default\">\n\t\t\t\t<div class=\"elementor-widget-container\">\n\t\t\t\t\t\t\t\t\t<p>Mejorando los resultados que m\u00e1s importan para sus pacientes y su pr\u00e1ctica cl\u00ednica.<\/p>\n\t\t\t\t\t\t\t\t<\/div>\n\t\t\t\t<\/div>\n\t\t\t\t\t<\/div>\n\t\t<\/div>\n\t\t\t\t\t<\/div>\n\t\t<\/section>\n\t\t\t\t<section class=\"elementor-section elementor-top-section elementor-element elementor-element-5461a24 elementor-section-height-min-height elementor-section-content-top elementor-section-boxed elementor-section-height-default elementor-section-items-middle\" data-id=\"5461a24\" data-element_type=\"section\" data-e-type=\"section\">\n\t\t\t\t\t\t<div class=\"elementor-container elementor-column-gap-wider\">\n\t\t\t\t\t<div class=\"elementor-column elementor-col-33 elementor-top-column elementor-element elementor-element-dfc11ff\" data-id=\"dfc11ff\" data-element_type=\"column\" data-e-type=\"column\">\n\t\t\t<div class=\"elementor-widget-wrap elementor-element-populated\">\n\t\t\t\t\t\t<div class=\"elementor-element elementor-element-05a5eaa elementor-widget elementor-widget-image\" data-id=\"05a5eaa\" data-element_type=\"widget\" data-e-type=\"widget\" data-widget_type=\"image.default\">\n\t\t\t\t<div class=\"elementor-widget-container\">\n\t\t\t\t\t\t\t\t\t\t\t\t\t\t\t<img fetchpriority=\"high\" decoding=\"async\" width=\"400\" height=\"250\" src=\"https:\/\/www.accuray.com\/wp-content\/uploads\/case-studies-craniofacial.jpg\" class=\"attachment-full size-full wp-image-10554\" alt=\"\" \/>\t\t\t\t\t\t\t\t\t\t\t\t\t\t\t<\/div>\n\t\t\t\t<\/div>\n\t\t\t\t<div class=\"elementor-element elementor-element-fa7a230 elementor-widget elementor-widget-heading\" data-id=\"fa7a230\" data-element_type=\"widget\" data-e-type=\"widget\" data-widget_type=\"heading.default\">\n\t\t\t\t<div class=\"elementor-widget-container\">\n\t\t\t\t\t<h2 class=\"elementor-heading-title elementor-size-default\">CRANEOFACIAL<\/h2>\t\t\t\t<\/div>\n\t\t\t\t<\/div>\n\t\t\t\t<div class=\"elementor-element elementor-element-2fa483f elementor-widget elementor-widget-text-editor\" data-id=\"2fa483f\" data-element_type=\"widget\" data-e-type=\"widget\" data-widget_type=\"text-editor.default\">\n\t\t\t\t<div class=\"elementor-widget-container\">\n\t\t\t\t\t\t\t\t\t<p>Lea acerca de la seguridad y eficacia probadas del sistema CyberKnife<sup>\u00ae<\/sup> para el tratamiento de la neuralgia del trig\u00e9mino.<\/p>\n\t\t\t\t\t\t\t\t<\/div>\n\t\t\t\t<\/div>\n\t\t\t\t<div class=\"elementor-element elementor-element-80b4207 elementor-align-center elementor-mobile-align-center elementor-widget elementor-widget-button\" data-id=\"80b4207\" data-element_type=\"widget\" data-e-type=\"widget\" data-widget_type=\"button.default\">\n\t\t\t\t<div class=\"elementor-widget-container\">\n\t\t\t\t\t\t\t\t\t<div class=\"elementor-button-wrapper\">\n\t\t\t\t\t<a class=\"elementor-button elementor-button-link elementor-size-md\" href=\"https:\/\/www.accuray.com\/wp-content\/uploads\/ck-romanelli-trigeminal-paper-mkt-ck-0118-0347.pdf\">\n\t\t\t\t\t\t<span class=\"elementor-button-content-wrapper\">\n\t\t\t\t\t\t\t\t\t<span class=\"elementor-button-text\">Lea el estudio de caso<\/span>\n\t\t\t\t\t<\/span>\n\t\t\t\t\t<\/a>\n\t\t\t\t<\/div>\n\t\t\t\t\t\t\t\t<\/div>\n\t\t\t\t<\/div>\n\t\t\t\t\t<\/div>\n\t\t<\/div>\n\t\t\t\t<div class=\"elementor-column elementor-col-33 elementor-top-column elementor-element elementor-element-497d168\" data-id=\"497d168\" data-element_type=\"column\" data-e-type=\"column\">\n\t\t\t<div class=\"elementor-widget-wrap elementor-element-populated\">\n\t\t\t\t\t\t<div class=\"elementor-element elementor-element-af656e8 elementor-widget elementor-widget-image\" data-id=\"af656e8\" data-element_type=\"widget\" data-e-type=\"widget\" data-widget_type=\"image.default\">\n\t\t\t\t<div class=\"elementor-widget-container\">\n\t\t\t\t\t\t\t\t\t\t\t\t\t\t\t<img decoding=\"async\" width=\"400\" height=\"250\" src=\"https:\/\/www.accuray.com\/wp-content\/uploads\/case-studies-prostate.jpg\" class=\"attachment-full size-full wp-image-10560\" alt=\"\" \/>\t\t\t\t\t\t\t\t\t\t\t\t\t\t\t<\/div>\n\t\t\t\t<\/div>\n\t\t\t\t<div class=\"elementor-element elementor-element-7d75466 elementor-widget elementor-widget-heading\" data-id=\"7d75466\" data-element_type=\"widget\" data-e-type=\"widget\" data-widget_type=\"heading.default\">\n\t\t\t\t<div class=\"elementor-widget-container\">\n\t\t\t\t\t<h2 class=\"elementor-heading-title elementor-size-default\">PR\u00d3STATA<\/h2>\t\t\t\t<\/div>\n\t\t\t\t<\/div>\n\t\t\t\t<div class=\"elementor-element elementor-element-7e3a99d elementor-widget elementor-widget-text-editor\" data-id=\"7e3a99d\" data-element_type=\"widget\" data-e-type=\"widget\" data-widget_type=\"text-editor.default\">\n\t\t\t\t<div class=\"elementor-widget-container\">\n\t\t\t\t\t\t\t\t\t<p>Lea sobre la seguridad y la eficacia de la SBRT con CyberKnife para los pacientes con c\u00e1ncer de pr\u00f3stata.<\/p>\t\t\t\t\t\t\t\t<\/div>\n\t\t\t\t<\/div>\n\t\t\t\t<div class=\"elementor-element elementor-element-22a99af elementor-align-center elementor-mobile-align-center elementor-widget elementor-widget-button\" data-id=\"22a99af\" data-element_type=\"widget\" data-e-type=\"widget\" data-widget_type=\"button.default\">\n\t\t\t\t<div class=\"elementor-widget-container\">\n\t\t\t\t\t\t\t\t\t<div class=\"elementor-button-wrapper\">\n\t\t\t\t\t<a class=\"elementor-button elementor-button-link elementor-size-md\" href=\"https:\/\/www.accuray.com\/wp-content\/uploads\/ck-prostate-sbrt-sell-sheet-mkt-ck-0717-03122.pdf\">\n\t\t\t\t\t\t<span class=\"elementor-button-content-wrapper\">\n\t\t\t\t\t\t\t\t\t<span class=\"elementor-button-text\">Lea el estudio de caso<\/span>\n\t\t\t\t\t<\/span>\n\t\t\t\t\t<\/a>\n\t\t\t\t<\/div>\n\t\t\t\t\t\t\t\t<\/div>\n\t\t\t\t<\/div>\n\t\t\t\t\t<\/div>\n\t\t<\/div>\n\t\t\t\t<div class=\"elementor-column elementor-col-33 elementor-top-column elementor-element elementor-element-035fbb8\" data-id=\"035fbb8\" data-element_type=\"column\" data-e-type=\"column\">\n\t\t\t<div class=\"elementor-widget-wrap elementor-element-populated\">\n\t\t\t\t\t\t<div class=\"elementor-element elementor-element-f9c7165 elementor-widget elementor-widget-image\" data-id=\"f9c7165\" data-element_type=\"widget\" data-e-type=\"widget\" data-widget_type=\"image.default\">\n\t\t\t\t<div class=\"elementor-widget-container\">\n\t\t\t\t\t\t\t\t\t\t\t\t\t\t\t<img decoding=\"async\" width=\"400\" height=\"250\" src=\"https:\/\/www.accuray.com\/wp-content\/uploads\/case-studies-head-neck-1.jpg\" class=\"attachment-full size-full wp-image-10547\" alt=\"\" \/>\t\t\t\t\t\t\t\t\t\t\t\t\t\t\t<\/div>\n\t\t\t\t<\/div>\n\t\t\t\t<div class=\"elementor-element elementor-element-d348c5b elementor-widget elementor-widget-heading\" data-id=\"d348c5b\" data-element_type=\"widget\" data-e-type=\"widget\" data-widget_type=\"heading.default\">\n\t\t\t\t<div class=\"elementor-widget-container\">\n\t\t\t\t\t<h2 class=\"elementor-heading-title elementor-size-default\">CABEZA Y CUELLO<\/h2>\t\t\t\t<\/div>\n\t\t\t\t<\/div>\n\t\t\t\t<div class=\"elementor-element elementor-element-21fedfd elementor-widget elementor-widget-text-editor\" data-id=\"21fedfd\" data-element_type=\"widget\" data-e-type=\"widget\" data-widget_type=\"text-editor.default\">\n\t\t\t\t<div class=\"elementor-widget-container\">\n\t\t\t\t\t\t\t\t\t<p>Lea acerca de los excelentes resultados cl\u00ednicos en el tratamiento del c\u00e1ncer de cabeza y cuello con TomoTherapy<sup>\u00ae<\/sup> en modo helicoidal con respecto a RapidArc.<\/p>\n\t\t\t\t\t\t\t\t<\/div>\n\t\t\t\t<\/div>\n\t\t\t\t<div class=\"elementor-element elementor-element-388965f elementor-align-center elementor-mobile-align-center elementor-widget elementor-widget-button\" data-id=\"388965f\" data-element_type=\"widget\" data-e-type=\"widget\" data-widget_type=\"button.default\">\n\t\t\t\t<div class=\"elementor-widget-container\">\n\t\t\t\t\t\t\t\t\t<div class=\"elementor-button-wrapper\">\n\t\t\t\t\t<a class=\"elementor-button elementor-button-link elementor-size-md\" href=\"https:\/\/www.accuray.com\/wp-content\/uploads\/rx-tt-vs-rapidarc-mkt-tt-0817-0233.pdf\">\n\t\t\t\t\t\t<span class=\"elementor-button-content-wrapper\">\n\t\t\t\t\t\t\t\t\t<span class=\"elementor-button-text\">Lea el estudio de caso<\/span>\n\t\t\t\t\t<\/span>\n\t\t\t\t\t<\/a>\n\t\t\t\t<\/div>\n\t\t\t\t\t\t\t\t<\/div>\n\t\t\t\t<\/div>\n\t\t\t\t\t<\/div>\n\t\t<\/div>\n\t\t\t\t\t<\/div>\n\t\t<\/section>\n\t\t\t\t<section class=\"elementor-section elementor-top-section elementor-element elementor-element-6b88667 elementor-section-boxed elementor-section-height-default elementor-section-height-default\" data-id=\"6b88667\" data-element_type=\"section\" data-e-type=\"section\">\n\t\t\t\t\t\t<div class=\"elementor-container elementor-column-gap-default\">\n\t\t\t\t\t<div class=\"elementor-column elementor-col-100 elementor-top-column elementor-element elementor-element-28d0158\" data-id=\"28d0158\" data-element_type=\"column\" data-e-type=\"column\">\n\t\t\t<div class=\"elementor-widget-wrap elementor-element-populated\">\n\t\t\t\t\t\t<div class=\"elementor-element elementor-element-787cefc elementor-widget elementor-widget-search-filter-form\" data-id=\"787cefc\" data-element_type=\"widget\" data-e-type=\"widget\" data-widget_type=\"search-filter-form.default\">\n\t\t\t\t<div class=\"elementor-widget-container\">\n\t\t\t\t\t<form data-sf-form-id='3716' data-is-rtl='0' data-maintain-state='' data-results-url='https:\/\/www.accuray.com\/case-studies\/' data-ajax-url='https:\/\/www.accuray.com\/case-studies\/?sf_data=all' data-ajax-form-url='https:\/\/www.accuray.com\/es\/?sfid=3716&amp;sf_action=get_data&amp;sf_data=form' data-display-result-method='elementor_posts_element' data-use-history-api='1' data-template-loaded='0' data-lang-code='es' data-ajax='1' data-ajax-data-type='html' data-ajax-links-selector='.search-filter-results-3716 a.page-numbers' data-ajax-target='.search-filter-results-3716' data-ajax-pagination-type='normal' data-update-ajax-url='1' data-only-results-ajax='1' data-scroll-to-pos='form' data-scroll-on-action='all' data-init-paged='1' data-auto-update='1' data-auto-count='1' data-auto-count-refresh-mode='1' action='https:\/\/www.accuray.com\/case-studies\/' method='post' class='searchandfilter' id='search-filter-form-3716' autocomplete='off' data-instance-count='1'><ul><li class=\"sf-field-taxonomy-studies_products\" data-sf-field-name=\"_sft_studies_products\" data-sf-field-type=\"taxonomy\" data-sf-field-input-type=\"select\"><h4>Product<\/h4>\t\t<label>\n\t\t\t\t   \t\t<select name=\"_sft_studies_products[]\" class=\"sf-input-select\" title=\"\">\n\t\t\t\t\t\t  \t\t\t<option class=\"sf-level-0 sf-item-0 sf-option-active\" selected=\"selected\" data-sf-count=\"0\" data-sf-depth=\"0\" value=\"\">Todos los Products<\/option>\n\t\t\t\t\t\t\t\t\t\t\t<\/select><\/label>\t\t\t\t\t\t\t\t\t\t<\/li><li class=\"sf-field-taxonomy-treatment_area\" data-sf-field-name=\"_sft_treatment_area\" data-sf-field-type=\"taxonomy\" data-sf-field-input-type=\"select\"><h4>Indications<\/h4>\t\t<label>\n\t\t\t\t   \t\t\t<span class=\"screen-reader-text\">All Indications<\/span>\n\t\t\t\t\t\t\t\t<select name=\"_sft_treatment_area[]\" class=\"sf-input-select\" title=\"All Indications\">\n\t\t\t\t\t\t  \t\t\t<option class=\"sf-level-0 sf-item-0 sf-option-active\" selected=\"selected\" data-sf-count=\"0\" data-sf-depth=\"0\" value=\"\">All Indications<\/option>\n\t\t\t\t\t\t\t\t\t\t\t<\/select><\/label>\t\t\t\t\t\t\t\t\t\t<\/li><\/ul><\/form>\t\t\t\t<\/div>\n\t\t\t\t<\/div>\n\t\t\t\t\t<\/div>\n\t\t<\/div>\n\t\t\t\t\t<\/div>\n\t\t<\/section>\n\t\t\t\t<section class=\"elementor-section elementor-top-section elementor-element elementor-element-c2cc225 elementor-section-boxed elementor-section-height-default elementor-section-height-default\" data-id=\"c2cc225\" data-element_type=\"section\" data-e-type=\"section\">\n\t\t\t\t\t\t<div class=\"elementor-container elementor-column-gap-default\">\n\t\t\t\t\t<div class=\"elementor-column elementor-col-100 elementor-top-column elementor-element elementor-element-ec8eb87\" data-id=\"ec8eb87\" data-element_type=\"column\" data-e-type=\"column\">\n\t\t\t<div class=\"elementor-widget-wrap elementor-element-populated\">\n\t\t\t\t\t\t<div class=\"search-filter-results-3716 elementor-element elementor-element-c638624 elementor-grid-1 elementor-posts--thumbnail-left elementor-posts--align-left elementor-grid-tablet-2 elementor-grid-mobile-1 elementor-widget elementor-widget-posts\" data-id=\"c638624\" data-element_type=\"widget\" data-e-type=\"widget\" data-settings=\"{&quot;classic_columns&quot;:&quot;1&quot;,&quot;pagination_type&quot;:&quot;numbers_and_prev_next&quot;,&quot;classic_columns_tablet&quot;:&quot;2&quot;,&quot;classic_columns_mobile&quot;:&quot;1&quot;,&quot;classic_row_gap&quot;:{&quot;unit&quot;:&quot;px&quot;,&quot;size&quot;:35,&quot;sizes&quot;:[]},&quot;classic_row_gap_tablet_extra&quot;:{&quot;unit&quot;:&quot;px&quot;,&quot;size&quot;:&quot;&quot;,&quot;sizes&quot;:[]},&quot;classic_row_gap_tablet&quot;:{&quot;unit&quot;:&quot;px&quot;,&quot;size&quot;:&quot;&quot;,&quot;sizes&quot;:[]},&quot;classic_row_gap_mobile_extra&quot;:{&quot;unit&quot;:&quot;px&quot;,&quot;size&quot;:&quot;&quot;,&quot;sizes&quot;:[]},&quot;classic_row_gap_mobile&quot;:{&quot;unit&quot;:&quot;px&quot;,&quot;size&quot;:&quot;&quot;,&quot;sizes&quot;:[]}}\" data-widget_type=\"posts.classic\">\n\t\t\t\t<div class=\"elementor-widget-container\">\n\t\t\t\t\t\t\t\t\t<\/div>\n\t\t\t\t<\/div>\n\t\t\t\t\t<\/div>\n\t\t<\/div>\n\t\t\t\t\t<\/div>\n\t\t<\/section>\n\t\t\t\t<\/div>\n\t\t","protected":false},"excerpt":{"rendered":"<p>Estudios de casos Mejorando los resultados que m\u00e1s importan para sus pacientes y su pr\u00e1ctica cl\u00ednica. CRANEOFACIAL Lea acerca de la seguridad y eficacia probadas del sistema CyberKnife\u00ae para el tratamiento de la neuralgia del trig\u00e9mino. Lea el estudio de caso PR\u00d3STATA Lea sobre la seguridad y la eficacia de la SBRT con CyberKnife para [&hellip;]<\/p>\n","protected":false},"author":3,"featured_media":0,"parent":0,"menu_order":0,"comment_status":"closed","ping_status":"closed","template":"","meta":{"_acf_changed":false,"inline_featured_image":false,"footnotes":"","_links_to":"","_links_to_target":""},"class_list":["post-13902","page","type-page","status-publish","hentry"],"acf":[],"yoast_head":"<!-- This site is optimized with the Yoast SEO Premium plugin v27.3 (Yoast SEO v27.3) - https:\/\/yoast.com\/product\/yoast-seo-premium-wordpress\/ -->\n<title>Estudios de casos de Accuray<\/title>\n<meta name=\"description\" content=\"\u00bfQuiere aprender c\u00f3mo los sistemas de radioterapia de Accuray para el tratamiento del c\u00e1ncer funcionan en pacientes y en pr\u00e1cticas cl\u00ednicas reales? Lea los estudios de casos de Accuray sobre nuestro sistema CyberKnife para el tratamiento de la neuralgia del trig\u00e9mino, la SBRT con CyberKnife para el tratamiento del c\u00e1ncer de pr\u00f3stata, TomoTherapy para el c\u00e1ncer de cabeza y cuello, y m\u00e1s.\" \/>\n<meta name=\"robots\" content=\"index, follow, max-snippet:-1, max-image-preview:large, max-video-preview:-1\" \/>\n<link rel=\"canonical\" href=\"https:\/\/www.accuray.com\/es\/estudios-de-casos\/\" \/>\n<meta property=\"og:locale\" content=\"es_ES\" \/>\n<meta property=\"og:type\" content=\"article\" \/>\n<meta property=\"og:title\" content=\"Estudios de casos\" \/>\n<meta property=\"og:description\" content=\"\u00bfQuiere aprender c\u00f3mo los sistemas de radioterapia de Accuray para el tratamiento del c\u00e1ncer funcionan en pacientes y en pr\u00e1cticas cl\u00ednicas reales? Lea los estudios de casos de Accuray sobre nuestro sistema CyberKnife para el tratamiento de la neuralgia del trig\u00e9mino, la SBRT con CyberKnife para el tratamiento del c\u00e1ncer de pr\u00f3stata, TomoTherapy para el c\u00e1ncer de cabeza y cuello, y m\u00e1s.\" \/>\n<meta property=\"og:url\" content=\"https:\/\/www.accuray.com\/es\/estudios-de-casos\/\" \/>\n<meta property=\"og:site_name\" content=\"Accuray\" \/>\n<meta property=\"article:publisher\" content=\"https:\/\/www.facebook.com\/AccurayIncorporated\" \/>\n<meta property=\"article:modified_time\" content=\"2022-03-16T17:51:15+00:00\" \/>\n<meta property=\"og:image\" content=\"https:\/\/www.accuray.com\/wp-content\/uploads\/case-studies-craniofacial.jpg\" \/>\n<meta name=\"twitter:card\" content=\"summary_large_image\" \/>\n<meta name=\"twitter:site\" content=\"@Accuray\" \/>\n<meta name=\"twitter:label1\" content=\"Tiempo de lectura\" \/>\n\t<meta name=\"twitter:data1\" content=\"2 minutos\" \/>\n<script type=\"application\/ld+json\" class=\"yoast-schema-graph\">{\"@context\":\"https:\\\/\\\/schema.org\",\"@graph\":[{\"@type\":\"WebPage\",\"@id\":\"https:\\\/\\\/www.accuray.com\\\/es\\\/estudios-de-casos\\\/\",\"url\":\"https:\\\/\\\/www.accuray.com\\\/es\\\/estudios-de-casos\\\/\",\"name\":\"Estudios de casos de Accuray\",\"isPartOf\":{\"@id\":\"https:\\\/\\\/www.accuray.com\\\/#website\"},\"primaryImageOfPage\":{\"@id\":\"https:\\\/\\\/www.accuray.com\\\/es\\\/estudios-de-casos\\\/#primaryimage\"},\"image\":{\"@id\":\"https:\\\/\\\/www.accuray.com\\\/es\\\/estudios-de-casos\\\/#primaryimage\"},\"thumbnailUrl\":\"https:\\\/\\\/www.accuray.com\\\/wp-content\\\/uploads\\\/case-studies-craniofacial.jpg\",\"datePublished\":\"2021-07-06T15:52:41+00:00\",\"dateModified\":\"2022-03-16T17:51:15+00:00\",\"description\":\"\u00bfQuiere aprender c\u00f3mo los sistemas de radioterapia de Accuray para el tratamiento del c\u00e1ncer funcionan en pacientes y en pr\u00e1cticas cl\u00ednicas reales? Lea los estudios de casos de Accuray sobre nuestro sistema CyberKnife para el tratamiento de la neuralgia del trig\u00e9mino, la SBRT con CyberKnife para el tratamiento del c\u00e1ncer de pr\u00f3stata, TomoTherapy para el c\u00e1ncer de cabeza y cuello, y m\u00e1s.\",\"breadcrumb\":{\"@id\":\"https:\\\/\\\/www.accuray.com\\\/es\\\/estudios-de-casos\\\/#breadcrumb\"},\"inLanguage\":\"es\",\"potentialAction\":[{\"@type\":\"ReadAction\",\"target\":[\"https:\\\/\\\/www.accuray.com\\\/es\\\/estudios-de-casos\\\/\"]}]},{\"@type\":\"ImageObject\",\"inLanguage\":\"es\",\"@id\":\"https:\\\/\\\/www.accuray.com\\\/es\\\/estudios-de-casos\\\/#primaryimage\",\"url\":\"https:\\\/\\\/www.accuray.com\\\/wp-content\\\/uploads\\\/case-studies-craniofacial.jpg\",\"contentUrl\":\"https:\\\/\\\/www.accuray.com\\\/wp-content\\\/uploads\\\/case-studies-craniofacial.jpg\"},{\"@type\":\"BreadcrumbList\",\"@id\":\"https:\\\/\\\/www.accuray.com\\\/es\\\/estudios-de-casos\\\/#breadcrumb\",\"itemListElement\":[{\"@type\":\"ListItem\",\"position\":1,\"name\":\"Home\",\"item\":\"https:\\\/\\\/www.accuray.com\\\/\"},{\"@type\":\"ListItem\",\"position\":2,\"name\":\"Estudios de casos\"}]},{\"@type\":\"WebSite\",\"@id\":\"https:\\\/\\\/www.accuray.com\\\/#website\",\"url\":\"https:\\\/\\\/www.accuray.com\\\/\",\"name\":\"Accuray\",\"description\":\"Deliver More. Better. Faster\",\"publisher\":{\"@id\":\"https:\\\/\\\/www.accuray.com\\\/#organization\"},\"potentialAction\":[{\"@type\":\"SearchAction\",\"target\":{\"@type\":\"EntryPoint\",\"urlTemplate\":\"https:\\\/\\\/www.accuray.com\\\/?s={search_term_string}\"},\"query-input\":{\"@type\":\"PropertyValueSpecification\",\"valueRequired\":true,\"valueName\":\"search_term_string\"}}],\"inLanguage\":\"es\"},{\"@type\":\"Organization\",\"@id\":\"https:\\\/\\\/www.accuray.com\\\/#organization\",\"name\":\"Accuray Incorporated\",\"url\":\"https:\\\/\\\/www.accuray.com\\\/\",\"logo\":{\"@type\":\"ImageObject\",\"inLanguage\":\"es\",\"@id\":\"https:\\\/\\\/www.accuray.com\\\/#\\\/schema\\\/logo\\\/image\\\/\",\"url\":\"https:\\\/\\\/www.accuray.com\\\/wp-content\\\/uploads\\\/accuray-logo200.jpg\",\"contentUrl\":\"https:\\\/\\\/www.accuray.com\\\/wp-content\\\/uploads\\\/accuray-logo200.jpg\",\"width\":200,\"height\":24,\"caption\":\"Accuray Incorporated\"},\"image\":{\"@id\":\"https:\\\/\\\/www.accuray.com\\\/#\\\/schema\\\/logo\\\/image\\\/\"},\"sameAs\":[\"https:\\\/\\\/www.facebook.com\\\/AccurayIncorporated\",\"https:\\\/\\\/x.com\\\/Accuray\",\"https:\\\/\\\/www.linkedin.com\\\/company\\\/accuray\\\/\"]}]}<\/script>\n<!-- \/ Yoast SEO Premium plugin. -->","yoast_head_json":{"title":"Estudios de casos de Accuray","description":"\u00bfQuiere aprender c\u00f3mo los sistemas de radioterapia de Accuray para el tratamiento del c\u00e1ncer funcionan en pacientes y en pr\u00e1cticas cl\u00ednicas reales? Lea los estudios de casos de Accuray sobre nuestro sistema CyberKnife para el tratamiento de la neuralgia del trig\u00e9mino, la SBRT con CyberKnife para el tratamiento del c\u00e1ncer de pr\u00f3stata, TomoTherapy para el c\u00e1ncer de cabeza y cuello, y m\u00e1s.","robots":{"index":"index","follow":"follow","max-snippet":"max-snippet:-1","max-image-preview":"max-image-preview:large","max-video-preview":"max-video-preview:-1"},"canonical":"https:\/\/www.accuray.com\/es\/estudios-de-casos\/","og_locale":"es_ES","og_type":"article","og_title":"Estudios de casos","og_description":"\u00bfQuiere aprender c\u00f3mo los sistemas de radioterapia de Accuray para el tratamiento del c\u00e1ncer funcionan en pacientes y en pr\u00e1cticas cl\u00ednicas reales? Lea los estudios de casos de Accuray sobre nuestro sistema CyberKnife para el tratamiento de la neuralgia del trig\u00e9mino, la SBRT con CyberKnife para el tratamiento del c\u00e1ncer de pr\u00f3stata, TomoTherapy para el c\u00e1ncer de cabeza y cuello, y m\u00e1s.","og_url":"https:\/\/www.accuray.com\/es\/estudios-de-casos\/","og_site_name":"Accuray","article_publisher":"https:\/\/www.facebook.com\/AccurayIncorporated","article_modified_time":"2022-03-16T17:51:15+00:00","og_image":[{"url":"https:\/\/www.accuray.com\/wp-content\/uploads\/case-studies-craniofacial.jpg","type":"","width":"","height":""}],"twitter_card":"summary_large_image","twitter_site":"@Accuray","twitter_misc":{"Tiempo de lectura":"2 minutos"},"schema":{"@context":"https:\/\/schema.org","@graph":[{"@type":"WebPage","@id":"https:\/\/www.accuray.com\/es\/estudios-de-casos\/","url":"https:\/\/www.accuray.com\/es\/estudios-de-casos\/","name":"Estudios de casos de Accuray","isPartOf":{"@id":"https:\/\/www.accuray.com\/#website"},"primaryImageOfPage":{"@id":"https:\/\/www.accuray.com\/es\/estudios-de-casos\/#primaryimage"},"image":{"@id":"https:\/\/www.accuray.com\/es\/estudios-de-casos\/#primaryimage"},"thumbnailUrl":"https:\/\/www.accuray.com\/wp-content\/uploads\/case-studies-craniofacial.jpg","datePublished":"2021-07-06T15:52:41+00:00","dateModified":"2022-03-16T17:51:15+00:00","description":"\u00bfQuiere aprender c\u00f3mo los sistemas de radioterapia de Accuray para el tratamiento del c\u00e1ncer funcionan en pacientes y en pr\u00e1cticas cl\u00ednicas reales? Lea los estudios de casos de Accuray sobre nuestro sistema CyberKnife para el tratamiento de la neuralgia del trig\u00e9mino, la SBRT con CyberKnife para el tratamiento del c\u00e1ncer de pr\u00f3stata, TomoTherapy para el c\u00e1ncer de cabeza y cuello, y m\u00e1s.","breadcrumb":{"@id":"https:\/\/www.accuray.com\/es\/estudios-de-casos\/#breadcrumb"},"inLanguage":"es","potentialAction":[{"@type":"ReadAction","target":["https:\/\/www.accuray.com\/es\/estudios-de-casos\/"]}]},{"@type":"ImageObject","inLanguage":"es","@id":"https:\/\/www.accuray.com\/es\/estudios-de-casos\/#primaryimage","url":"https:\/\/www.accuray.com\/wp-content\/uploads\/case-studies-craniofacial.jpg","contentUrl":"https:\/\/www.accuray.com\/wp-content\/uploads\/case-studies-craniofacial.jpg"},{"@type":"BreadcrumbList","@id":"https:\/\/www.accuray.com\/es\/estudios-de-casos\/#breadcrumb","itemListElement":[{"@type":"ListItem","position":1,"name":"Home","item":"https:\/\/www.accuray.com\/"},{"@type":"ListItem","position":2,"name":"Estudios de casos"}]},{"@type":"WebSite","@id":"https:\/\/www.accuray.com\/#website","url":"https:\/\/www.accuray.com\/","name":"Accuray","description":"Deliver More. Better. Faster","publisher":{"@id":"https:\/\/www.accuray.com\/#organization"},"potentialAction":[{"@type":"SearchAction","target":{"@type":"EntryPoint","urlTemplate":"https:\/\/www.accuray.com\/?s={search_term_string}"},"query-input":{"@type":"PropertyValueSpecification","valueRequired":true,"valueName":"search_term_string"}}],"inLanguage":"es"},{"@type":"Organization","@id":"https:\/\/www.accuray.com\/#organization","name":"Accuray Incorporated","url":"https:\/\/www.accuray.com\/","logo":{"@type":"ImageObject","inLanguage":"es","@id":"https:\/\/www.accuray.com\/#\/schema\/logo\/image\/","url":"https:\/\/www.accuray.com\/wp-content\/uploads\/accuray-logo200.jpg","contentUrl":"https:\/\/www.accuray.com\/wp-content\/uploads\/accuray-logo200.jpg","width":200,"height":24,"caption":"Accuray Incorporated"},"image":{"@id":"https:\/\/www.accuray.com\/#\/schema\/logo\/image\/"},"sameAs":["https:\/\/www.facebook.com\/AccurayIncorporated","https:\/\/x.com\/Accuray","https:\/\/www.linkedin.com\/company\/accuray\/"]}]}},"_links":{"self":[{"href":"https:\/\/www.accuray.com\/es\/wp-json\/wp\/v2\/pages\/13902","targetHints":{"allow":["GET"]}}],"collection":[{"href":"https:\/\/www.accuray.com\/es\/wp-json\/wp\/v2\/pages"}],"about":[{"href":"https:\/\/www.accuray.com\/es\/wp-json\/wp\/v2\/types\/page"}],"author":[{"embeddable":true,"href":"https:\/\/www.accuray.com\/es\/wp-json\/wp\/v2\/users\/3"}],"replies":[{"embeddable":true,"href":"https:\/\/www.accuray.com\/es\/wp-json\/wp\/v2\/comments?post=13902"}],"version-history":[{"count":0,"href":"https:\/\/www.accuray.com\/es\/wp-json\/wp\/v2\/pages\/13902\/revisions"}],"wp:attachment":[{"href":"https:\/\/www.accuray.com\/es\/wp-json\/wp\/v2\/media?parent=13902"}],"curies":[{"name":"wp","href":"https:\/\/api.w.org\/{rel}","templated":true}]}}