{"id":13927,"date":"2021-07-06T11:15:12","date_gmt":"2021-07-06T16:15:12","guid":{"rendered":"https:\/\/www.accuray.com\/centros-de-tratamiento\/"},"modified":"2021-12-09T13:41:33","modified_gmt":"2021-12-09T18:41:33","slug":"centros-de-tratamiento","status":"publish","type":"page","link":"https:\/\/www.accuray.com\/es\/centros-de-tratamiento\/","title":{"rendered":"Centros de tratamiento"},"content":{"rendered":"\t\t<div data-elementor-type=\"wp-page\" data-elementor-id=\"13927\" class=\"elementor elementor-13927 elementor-16\" data-elementor-post-type=\"page\">\n\t\t\t\t\t\t<section class=\"elementor-section elementor-top-section elementor-element elementor-element-595a52a7 elementor-section-height-min-height elementor-section-content-middle elementor-section-boxed elementor-section-height-default elementor-section-items-middle\" data-id=\"595a52a7\" data-element_type=\"section\" data-e-type=\"section\" data-settings=\"{&quot;background_background&quot;:&quot;classic&quot;}\">\n\t\t\t\t\t\t<div class=\"elementor-container elementor-column-gap-default\">\n\t\t\t\t\t<div class=\"elementor-column elementor-col-100 elementor-top-column elementor-element elementor-element-2e096344\" data-id=\"2e096344\" data-element_type=\"column\" data-e-type=\"column\">\n\t\t\t<div class=\"elementor-widget-wrap elementor-element-populated\">\n\t\t\t\t\t\t<div class=\"elementor-element elementor-element-1ba84686 elementor-widget elementor-widget-heading\" data-id=\"1ba84686\" data-element_type=\"widget\" data-e-type=\"widget\" data-widget_type=\"heading.default\">\n\t\t\t\t<div class=\"elementor-widget-container\">\n\t\t\t\t\t<h2 class=\"elementor-heading-title elementor-size-default\">Centros de tratamiento<\/h2>\t\t\t\t<\/div>\n\t\t\t\t<\/div>\n\t\t\t\t\t<\/div>\n\t\t<\/div>\n\t\t\t\t\t<\/div>\n\t\t<\/section>\n\t\t\t\t<section class=\"elementor-section elementor-top-section elementor-element elementor-element-57ede2c elementor-section-boxed elementor-section-height-default elementor-section-height-default\" data-id=\"57ede2c\" data-element_type=\"section\" data-e-type=\"section\">\n\t\t\t\t\t\t<div class=\"elementor-container elementor-column-gap-default\">\n\t\t\t\t\t<div class=\"elementor-column elementor-col-100 elementor-top-column elementor-element elementor-element-4fcdefe\" data-id=\"4fcdefe\" data-element_type=\"column\" data-e-type=\"column\">\n\t\t\t<div class=\"elementor-widget-wrap elementor-element-populated\">\n\t\t\t\t\t\t<div class=\"elementor-element elementor-element-91efe81 elementor-widget elementor-widget-heading\" data-id=\"91efe81\" data-element_type=\"widget\" data-e-type=\"widget\" data-widget_type=\"heading.default\">\n\t\t\t\t<div class=\"elementor-widget-container\">\n\t\t\t\t\t<h3 class=\"elementor-heading-title elementor-size-default\">Encuentre un centro cerca de usted<\/h3>\t\t\t\t<\/div>\n\t\t\t\t<\/div>\n\t\t\t\t<div class=\"elementor-element elementor-element-2cd15ec elementor-widget-divider--view-line elementor-widget elementor-widget-divider\" data-id=\"2cd15ec\" data-element_type=\"widget\" data-e-type=\"widget\" data-widget_type=\"divider.default\">\n\t\t\t\t<div class=\"elementor-widget-container\">\n\t\t\t\t\t\t\t<div class=\"elementor-divider\">\n\t\t\t<span class=\"elementor-divider-separator\">\n\t\t\t\t\t\t<\/span>\n\t\t<\/div>\n\t\t\t\t\t\t<\/div>\n\t\t\t\t<\/div>\n\t\t\t\t<div class=\"elementor-element elementor-element-9174d8a elementor-widget elementor-widget-text-editor\" data-id=\"9174d8a\" data-element_type=\"widget\" data-e-type=\"widget\" data-widget_type=\"text-editor.default\">\n\t\t\t\t<div class=\"elementor-widget-container\">\n\t\t\t\t\t\t\t\t\t<p>Este localizador es un recurso que le ayudar\u00e1 a encontrar la tecnolog\u00eda Accuray en su regi\u00f3n. Le rogamos indique su ubicaci\u00f3n de b\u00fasqueda. Al hacer clic en un centro de tratamiento, podr\u00e1 entrar directamente a la p\u00e1gina web del centro, si est\u00e1 disponible. Tenga en cuenta que Accuray trata de proporcionar informaci\u00f3n actualizada. P\u00f3ngase en contacto con un profesional m\u00e9dico u hospital local para obtener la informaci\u00f3n m\u00e1s actualizada.<\/p>\t\t\t\t\t\t\t\t<\/div>\n\t\t\t\t<\/div>\n\t\t\t\t\t<\/div>\n\t\t<\/div>\n\t\t\t\t\t<\/div>\n\t\t<\/section>\n\t\t\t\t<section class=\"elementor-section elementor-top-section elementor-element elementor-element-3d094bb elementor-section-boxed elementor-section-height-default elementor-section-height-default\" data-id=\"3d094bb\" data-element_type=\"section\" data-e-type=\"section\">\n\t\t\t\t\t\t<div class=\"elementor-container elementor-column-gap-default\">\n\t\t\t\t\t<div class=\"elementor-column elementor-col-100 elementor-top-column elementor-element elementor-element-dcdbde6\" data-id=\"dcdbde6\" data-element_type=\"column\" data-e-type=\"column\">\n\t\t\t<div class=\"elementor-widget-wrap elementor-element-populated\">\n\t\t\t\t\t\t<div class=\"elementor-element elementor-element-fc52a38 elementor-widget elementor-widget-html\" data-id=\"fc52a38\" data-element_type=\"widget\" data-e-type=\"widget\" data-widget_type=\"html.default\">\n\t\t\t\t<div class=\"elementor-widget-container\">\n\t\t\t\t\t<div id=\"storepoint-container\" data-map-key=\"\" data-map-id=\"15b2aa639da2ff\"><\/div>\t\t\t\t<\/div>\n\t\t\t\t<\/div>\n\t\t\t\t<div class=\"elementor-element elementor-element-d978444 elementor-widget elementor-widget-html\" data-id=\"d978444\" data-element_type=\"widget\" data-e-type=\"widget\" data-widget_type=\"html.default\">\n\t\t\t\t<div class=\"elementor-widget-container\">\n\t\t\t\t\t<script>(function(){var a=document.createElement(\"script\");a.type=\"text\/javascript\";a.async=!0;a.src=\"https:\/\/cdn.storepoint.co\/api\/v1\/js\/15b2aa639da2ff.js\";var b=document.getElementsByTagName(\"script\")[0];b.parentNode.insertBefore(a,b);}());<\/script>\t\t\t\t<\/div>\n\t\t\t\t<\/div>\n\t\t\t\t\t<\/div>\n\t\t<\/div>\n\t\t\t\t\t<\/div>\n\t\t<\/section>\n\t\t\t\t<\/div>\n\t\t","protected":false},"excerpt":{"rendered":"<p>Centros de tratamiento Encuentre un centro cerca de usted Este localizador es un recurso que le ayudar\u00e1 a encontrar la tecnolog\u00eda Accuray en su regi\u00f3n. Le rogamos indique su ubicaci\u00f3n de b\u00fasqueda. Al hacer clic en un centro de tratamiento, podr\u00e1 entrar directamente a la p\u00e1gina web del centro, si est\u00e1 disponible. Tenga en cuenta [&hellip;]<\/p>\n","protected":false},"author":3,"featured_media":0,"parent":0,"menu_order":0,"comment_status":"closed","ping_status":"closed","template":"","meta":{"_acf_changed":false,"inline_featured_image":false,"footnotes":"","_links_to":"","_links_to_target":""},"class_list":["post-13927","page","type-page","status-publish","hentry"],"acf":[],"yoast_head":"<!-- This site is optimized with the Yoast SEO Premium plugin v27.4 (Yoast SEO v27.4) - https:\/\/yoast.com\/product\/yoast-seo-premium-wordpress\/ -->\n<title>Centros de tratamiento - Accuray<\/title>\n<meta name=\"robots\" content=\"index, follow, max-snippet:-1, max-image-preview:large, max-video-preview:-1\" \/>\n<link rel=\"canonical\" href=\"https:\/\/www.accuray.com\/es\/centros-de-tratamiento\/\" \/>\n<meta property=\"og:locale\" content=\"es_ES\" \/>\n<meta property=\"og:type\" content=\"article\" \/>\n<meta property=\"og:title\" content=\"Centros de tratamiento\" \/>\n<meta property=\"og:description\" content=\"Centros de tratamiento Encuentre un centro cerca de usted Este localizador es un recurso que le ayudar\u00e1 a encontrar la tecnolog\u00eda Accuray en su regi\u00f3n. Le rogamos indique su ubicaci\u00f3n de b\u00fasqueda. Al hacer clic en un centro de tratamiento, podr\u00e1 entrar directamente a la p\u00e1gina web del centro, si est\u00e1 disponible. Tenga en cuenta [&hellip;]\" \/>\n<meta property=\"og:url\" content=\"https:\/\/www.accuray.com\/es\/centros-de-tratamiento\/\" \/>\n<meta property=\"og:site_name\" content=\"Accuray\" \/>\n<meta property=\"article:publisher\" content=\"https:\/\/www.facebook.com\/AccurayIncorporated\" \/>\n<meta property=\"article:modified_time\" content=\"2021-12-09T18:41:33+00:00\" \/>\n<meta name=\"twitter:card\" content=\"summary_large_image\" \/>\n<meta name=\"twitter:site\" content=\"@Accuray\" \/>\n<meta name=\"twitter:label1\" content=\"Tiempo de lectura\" \/>\n\t<meta name=\"twitter:data1\" content=\"260 minutos\" \/>\n<script type=\"application\/ld+json\" class=\"yoast-schema-graph\">{\"@context\":\"https:\\\/\\\/schema.org\",\"@graph\":[{\"@type\":\"WebPage\",\"@id\":\"https:\\\/\\\/www.accuray.com\\\/es\\\/centros-de-tratamiento\\\/\",\"url\":\"https:\\\/\\\/www.accuray.com\\\/es\\\/centros-de-tratamiento\\\/\",\"name\":\"Centros de tratamiento - Accuray\",\"isPartOf\":{\"@id\":\"https:\\\/\\\/www.accuray.com\\\/#website\"},\"datePublished\":\"2021-07-06T16:15:12+00:00\",\"dateModified\":\"2021-12-09T18:41:33+00:00\",\"breadcrumb\":{\"@id\":\"https:\\\/\\\/www.accuray.com\\\/es\\\/centros-de-tratamiento\\\/#breadcrumb\"},\"inLanguage\":\"es\",\"potentialAction\":[{\"@type\":\"ReadAction\",\"target\":[\"https:\\\/\\\/www.accuray.com\\\/es\\\/centros-de-tratamiento\\\/\"]}]},{\"@type\":\"BreadcrumbList\",\"@id\":\"https:\\\/\\\/www.accuray.com\\\/es\\\/centros-de-tratamiento\\\/#breadcrumb\",\"itemListElement\":[{\"@type\":\"ListItem\",\"position\":1,\"name\":\"Home\",\"item\":\"https:\\\/\\\/www.accuray.com\\\/\"},{\"@type\":\"ListItem\",\"position\":2,\"name\":\"Centros de tratamiento\"}]},{\"@type\":\"WebSite\",\"@id\":\"https:\\\/\\\/www.accuray.com\\\/#website\",\"url\":\"https:\\\/\\\/www.accuray.com\\\/\",\"name\":\"Accuray\",\"description\":\"Deliver More. Better. Faster\",\"publisher\":{\"@id\":\"https:\\\/\\\/www.accuray.com\\\/#organization\"},\"potentialAction\":[{\"@type\":\"SearchAction\",\"target\":{\"@type\":\"EntryPoint\",\"urlTemplate\":\"https:\\\/\\\/www.accuray.com\\\/?s={search_term_string}\"},\"query-input\":{\"@type\":\"PropertyValueSpecification\",\"valueRequired\":true,\"valueName\":\"search_term_string\"}}],\"inLanguage\":\"es\"},{\"@type\":\"Organization\",\"@id\":\"https:\\\/\\\/www.accuray.com\\\/#organization\",\"name\":\"Accuray Incorporated\",\"url\":\"https:\\\/\\\/www.accuray.com\\\/\",\"logo\":{\"@type\":\"ImageObject\",\"inLanguage\":\"es\",\"@id\":\"https:\\\/\\\/www.accuray.com\\\/#\\\/schema\\\/logo\\\/image\\\/\",\"url\":\"https:\\\/\\\/www.accuray.com\\\/wp-content\\\/uploads\\\/accuray-logo200.jpg\",\"contentUrl\":\"https:\\\/\\\/www.accuray.com\\\/wp-content\\\/uploads\\\/accuray-logo200.jpg\",\"width\":200,\"height\":24,\"caption\":\"Accuray Incorporated\"},\"image\":{\"@id\":\"https:\\\/\\\/www.accuray.com\\\/#\\\/schema\\\/logo\\\/image\\\/\"},\"sameAs\":[\"https:\\\/\\\/www.facebook.com\\\/AccurayIncorporated\",\"https:\\\/\\\/x.com\\\/Accuray\",\"https:\\\/\\\/www.linkedin.com\\\/company\\\/accuray\\\/\"]}]}<\/script>\n<!-- \/ Yoast SEO Premium plugin. -->","yoast_head_json":{"title":"Centros de tratamiento - Accuray","robots":{"index":"index","follow":"follow","max-snippet":"max-snippet:-1","max-image-preview":"max-image-preview:large","max-video-preview":"max-video-preview:-1"},"canonical":"https:\/\/www.accuray.com\/es\/centros-de-tratamiento\/","og_locale":"es_ES","og_type":"article","og_title":"Centros de tratamiento","og_description":"Centros de tratamiento Encuentre un centro cerca de usted Este localizador es un recurso que le ayudar\u00e1 a encontrar la tecnolog\u00eda Accuray en su regi\u00f3n. Le rogamos indique su ubicaci\u00f3n de b\u00fasqueda. Al hacer clic en un centro de tratamiento, podr\u00e1 entrar directamente a la p\u00e1gina web del centro, si est\u00e1 disponible. Tenga en cuenta [&hellip;]","og_url":"https:\/\/www.accuray.com\/es\/centros-de-tratamiento\/","og_site_name":"Accuray","article_publisher":"https:\/\/www.facebook.com\/AccurayIncorporated","article_modified_time":"2021-12-09T18:41:33+00:00","twitter_card":"summary_large_image","twitter_site":"@Accuray","twitter_misc":{"Tiempo de lectura":"260 minutos"},"schema":{"@context":"https:\/\/schema.org","@graph":[{"@type":"WebPage","@id":"https:\/\/www.accuray.com\/es\/centros-de-tratamiento\/","url":"https:\/\/www.accuray.com\/es\/centros-de-tratamiento\/","name":"Centros de tratamiento - Accuray","isPartOf":{"@id":"https:\/\/www.accuray.com\/#website"},"datePublished":"2021-07-06T16:15:12+00:00","dateModified":"2021-12-09T18:41:33+00:00","breadcrumb":{"@id":"https:\/\/www.accuray.com\/es\/centros-de-tratamiento\/#breadcrumb"},"inLanguage":"es","potentialAction":[{"@type":"ReadAction","target":["https:\/\/www.accuray.com\/es\/centros-de-tratamiento\/"]}]},{"@type":"BreadcrumbList","@id":"https:\/\/www.accuray.com\/es\/centros-de-tratamiento\/#breadcrumb","itemListElement":[{"@type":"ListItem","position":1,"name":"Home","item":"https:\/\/www.accuray.com\/"},{"@type":"ListItem","position":2,"name":"Centros de tratamiento"}]},{"@type":"WebSite","@id":"https:\/\/www.accuray.com\/#website","url":"https:\/\/www.accuray.com\/","name":"Accuray","description":"Deliver More. Better. Faster","publisher":{"@id":"https:\/\/www.accuray.com\/#organization"},"potentialAction":[{"@type":"SearchAction","target":{"@type":"EntryPoint","urlTemplate":"https:\/\/www.accuray.com\/?s={search_term_string}"},"query-input":{"@type":"PropertyValueSpecification","valueRequired":true,"valueName":"search_term_string"}}],"inLanguage":"es"},{"@type":"Organization","@id":"https:\/\/www.accuray.com\/#organization","name":"Accuray Incorporated","url":"https:\/\/www.accuray.com\/","logo":{"@type":"ImageObject","inLanguage":"es","@id":"https:\/\/www.accuray.com\/#\/schema\/logo\/image\/","url":"https:\/\/www.accuray.com\/wp-content\/uploads\/accuray-logo200.jpg","contentUrl":"https:\/\/www.accuray.com\/wp-content\/uploads\/accuray-logo200.jpg","width":200,"height":24,"caption":"Accuray Incorporated"},"image":{"@id":"https:\/\/www.accuray.com\/#\/schema\/logo\/image\/"},"sameAs":["https:\/\/www.facebook.com\/AccurayIncorporated","https:\/\/x.com\/Accuray","https:\/\/www.linkedin.com\/company\/accuray\/"]}]}},"_links":{"self":[{"href":"https:\/\/www.accuray.com\/es\/wp-json\/wp\/v2\/pages\/13927","targetHints":{"allow":["GET"]}}],"collection":[{"href":"https:\/\/www.accuray.com\/es\/wp-json\/wp\/v2\/pages"}],"about":[{"href":"https:\/\/www.accuray.com\/es\/wp-json\/wp\/v2\/types\/page"}],"author":[{"embeddable":true,"href":"https:\/\/www.accuray.com\/es\/wp-json\/wp\/v2\/users\/3"}],"replies":[{"embeddable":true,"href":"https:\/\/www.accuray.com\/es\/wp-json\/wp\/v2\/comments?post=13927"}],"version-history":[{"count":0,"href":"https:\/\/www.accuray.com\/es\/wp-json\/wp\/v2\/pages\/13927\/revisions"}],"wp:attachment":[{"href":"https:\/\/www.accuray.com\/es\/wp-json\/wp\/v2\/media?parent=13927"}],"curies":[{"name":"wp","href":"https:\/\/api.w.org\/{rel}","templated":true}]}}