{"id":26519,"date":"2022-11-21T11:25:26","date_gmt":"2022-11-21T16:25:26","guid":{"rendered":"https:\/\/www.accuray.com\/noticias\/"},"modified":"2023-01-25T00:06:51","modified_gmt":"2023-01-25T05:06:51","slug":"noticias","status":"publish","type":"page","link":"https:\/\/www.accuray.com\/pt-br\/noticias\/","title":{"rendered":"Not\u00edcias"},"content":{"rendered":"\t\t<div data-elementor-type=\"wp-page\" data-elementor-id=\"26519\" class=\"elementor elementor-26519 elementor-72\" data-elementor-post-type=\"page\">\n\t\t\t\t\t\t<section class=\"elementor-section elementor-top-section elementor-element elementor-element-6dd145e elementor-section-height-min-height elementor-section-content-middle elementor-section-boxed elementor-section-height-default elementor-section-items-middle\" data-id=\"6dd145e\" data-element_type=\"section\" data-e-type=\"section\" data-settings=\"{&quot;background_background&quot;:&quot;classic&quot;}\">\n\t\t\t\t\t\t<div class=\"elementor-container elementor-column-gap-default\">\n\t\t\t\t\t<div class=\"elementor-column elementor-col-100 elementor-top-column elementor-element elementor-element-84bcf29\" data-id=\"84bcf29\" data-element_type=\"column\" data-e-type=\"column\">\n\t\t\t<div class=\"elementor-widget-wrap elementor-element-populated\">\n\t\t\t\t\t\t<div class=\"elementor-element elementor-element-b8086b1 elementor-widget elementor-widget-heading\" data-id=\"b8086b1\" data-element_type=\"widget\" data-e-type=\"widget\" data-widget_type=\"heading.default\">\n\t\t\t\t<div class=\"elementor-widget-container\">\n\t\t\t\t\t<h2 class=\"elementor-heading-title elementor-size-default\">Not\u00edcias<\/h2>\t\t\t\t<\/div>\n\t\t\t\t<\/div>\n\t\t\t\t\t<\/div>\n\t\t<\/div>\n\t\t\t\t\t<\/div>\n\t\t<\/section>\n\t\t\t\t<section class=\"elementor-section elementor-top-section elementor-element elementor-element-7435504 elementor-section-boxed elementor-section-height-default elementor-section-height-default\" data-id=\"7435504\" data-element_type=\"section\" data-e-type=\"section\">\n\t\t\t\t\t\t<div class=\"elementor-container elementor-column-gap-default\">\n\t\t\t\t\t<div class=\"elementor-column elementor-col-100 elementor-top-column elementor-element elementor-element-b3dd19a\" data-id=\"b3dd19a\" data-element_type=\"column\" data-e-type=\"column\">\n\t\t\t<div class=\"elementor-widget-wrap elementor-element-populated\">\n\t\t\t\t\t\t<div class=\"elementor-element elementor-element-a08b533 elementor-widget elementor-widget-heading\" data-id=\"a08b533\" data-element_type=\"widget\" data-e-type=\"widget\" data-widget_type=\"heading.default\">\n\t\t\t\t<div class=\"elementor-widget-container\">\n\t\t\t\t\t<h2 class=\"elementor-heading-title elementor-size-default\">Comunicados de imprensa da Accuray<\/h2>\t\t\t\t<\/div>\n\t\t\t\t<\/div>\n\t\t\t\t<div class=\"elementor-element elementor-element-0300a99 elementor-widget elementor-widget-text-editor\" data-id=\"0300a99\" data-element_type=\"widget\" data-e-type=\"widget\" data-widget_type=\"text-editor.default\">\n\t\t\t\t<div class=\"elementor-widget-container\">\n\t\t\t\t\t\t\t\t\t<p>Os comunicados \u00e0 imprensa mais recentes da Accuray, com destaques sobre nossa empresa e nossas tecnologias de radioterapia.<\/p>\n\t\t\t\t\t\t\t\t<\/div>\n\t\t\t\t<\/div>\n\t\t\t\t\t<\/div>\n\t\t<\/div>\n\t\t\t\t\t<\/div>\n\t\t<\/section>\n\t\t\t\t<section class=\"elementor-section elementor-top-section elementor-element elementor-element-383d2ea elementor-section-boxed elementor-section-height-default elementor-section-height-default\" data-id=\"383d2ea\" data-element_type=\"section\" data-e-type=\"section\">\n\t\t\t\t\t\t<div class=\"elementor-container elementor-column-gap-default\">\n\t\t\t\t\t<div class=\"elementor-column elementor-col-100 elementor-top-column elementor-element elementor-element-d4386b3\" data-id=\"d4386b3\" data-element_type=\"column\" data-e-type=\"column\">\n\t\t\t<div class=\"elementor-widget-wrap elementor-element-populated\">\n\t\t\t\t\t\t<div class=\"elementor-element elementor-element-9678b9a elementor-widget elementor-widget-text-editor\" data-id=\"9678b9a\" data-element_type=\"widget\" data-e-type=\"widget\" data-widget_type=\"text-editor.default\">\n\t\t\t\t<div class=\"elementor-widget-container\">\n\t\t\t\t\t\t\t\t\t<p><strong><a href=\"https:\/\/www.accuray.com\/russia-ukraine-conflict\/\">Leia nossa declara\u00e7\u00e3o formal sobre a invas\u00e3o militar russa \u00e0 Ucr\u00e2nia &gt;<\/a><\/strong><\/p>\n\t\t\t\t\t\t\t\t<\/div>\n\t\t\t\t<\/div>\n\t\t\t\t<div class=\"elementor-element elementor-element-9d71320 elementor-widget elementor-widget-shortcode\" data-id=\"9d71320\" data-element_type=\"widget\" data-e-type=\"widget\" data-widget_type=\"shortcode.default\">\n\t\t\t\t<div class=\"elementor-widget-container\">\n\t\t\t\t\t\t\t<div class=\"elementor-shortcode\"><div class=\"feedzy-90e4c3a7b35617550a992102669b122b feedzy-rss\"><ul><li  style=\"padding: 15px 0 25px\" class=\"rss_item\"><span class=\"title\"><a href=\"https:\/\/investors.accuray.com\/news-releases\/news-release-details\/accuray-reports-fiscal-2026-second-quarter-financial-results\" target=\"_blank\" rel=\" noopener\">Accuray Reports Fiscal 2026 Second Quarter Financial Results<\/a><\/span><div class=\"rss_content\" style=\"\"><p>MADISON, Wis., Feb. 4, 2026 \/PRNewswire\/ -- Accuray Incorporated (NASDAQ: ARAY) today reported financial results for the second quarter ended December 31, 2025. \u00a0 \u00a0 Key Highlights\u00a0 On December 15, 2025 the Company announced the first phase of comprehensive, strategic, operational, and<\/p><\/div><\/li><li  style=\"padding: 15px 0 25px\" class=\"rss_item\"><span class=\"title\"><a href=\"https:\/\/investors.accuray.com\/news-releases\/news-release-details\/accuray-report-second-quarter-fiscal-2026-financial-results\" target=\"_blank\" rel=\" noopener\">Accuray to Report Second Quarter Fiscal 2026 Financial Results on February 4, 2026<\/a><\/span><div class=\"rss_content\" style=\"\"><p>MADISON,\u00a0Wis. , Jan. 21, 2026 \/PRNewswire\/ -- Accuray Incorporated (NASDAQ: ARAY) will report financial results for the second quarter of fiscal year 2026, ended December 31, 2025 , during a conference call hosted by company management at 1:30 p.m. PT \/ 4:30 p.m. ET on February 4, 2026 .<\/p><\/div><\/li><li  style=\"padding: 15px 0 25px\" class=\"rss_item\"><span class=\"title\"><a href=\"https:\/\/investors.accuray.com\/news-releases\/news-release-details\/accuray-announces-first-phase-comprehensive-strategic\" target=\"_blank\" rel=\" noopener\">Accuray announces first phase of comprehensive strategic, operational, and organizational transformation plan; company expects first phase to improve annualized operating profitability by...<\/a><\/span><div class=\"rss_content\" style=\"\"><p>Plan includes organizational realignment, rightsizing of cost structure, outsourcing, and sales enablement in order to enhance competitiveness and support long-term strategy. Workforce optimization actions will affect approximately 15% of the company's employees.<\/p><\/div><\/li><li  style=\"padding: 15px 0 25px\" class=\"rss_item\"><span class=\"title\"><a href=\"https:\/\/investors.accuray.com\/news-releases\/news-release-details\/accuray-reports-fiscal-2026-first-quarter-financial-results\" target=\"_blank\" rel=\" noopener\">Accuray Reports Fiscal 2026 First Quarter Financial Results<\/a><\/span><div class=\"rss_content\" style=\"\"><p>MADISON,\u00a0Wis. , Nov. 5, 2025 \/PRNewswire\/ --\u00a0Accuray Incorporated (NASDAQ: ARAY) today reported financial results for the first quarter ended September 30, 2025 . \u00a0 \u00a0 Key Highlights\u00a0 On October 20, 2025 , the Company announced accelerated transformation efforts, including: Appointed Steve [&hellip;]<\/p><\/div><\/li><li  style=\"padding: 15px 0 25px\" class=\"rss_item\"><span class=\"title\"><a href=\"https:\/\/investors.accuray.com\/news-releases\/news-release-details\/accuray-incorporated-reports-inducement-award-under-nasdaq-0\" target=\"_blank\" rel=\" noopener\">Accuray Incorporated Reports Inducement Award Under NASDAQ Listing Rules<\/a><\/span><div class=\"rss_content\" style=\"\"><p>MADISON, Wis. , Oct. 31, 2025 \/PRNewswire\/ -- Accuray Incorporated (NASDAQ: ARAY) today reported, as required by NASDAQ Listing Rules, equity inducement awards to Stephen La Neve , the company's new Chief Executive Officer. As a material inducement to Mr.<\/p><\/div><\/li><\/ul> <\/div><style type=\"text\/css\" media=\"all\">.feedzy-rss .rss_item .rss_image{float:left;position:relative;border:none;text-decoration:none;max-width:100%}.feedzy-rss .rss_item .rss_image span{display:inline-block;position:absolute;width:100%;height:100%;background-position:50%;background-size:cover}.feedzy-rss .rss_item .rss_image{margin:.3em 1em 0 0;content-visibility:auto}.feedzy-rss ul{list-style:none}.feedzy-rss ul li{display:inline-block}<\/style><\/div>\n\t\t\t\t\t\t<\/div>\n\t\t\t\t<\/div>\n\t\t\t\t<div class=\"elementor-element elementor-element-72789c3 elementor-align-center elementor-mobile-align-center elementor-widget elementor-widget-button\" data-id=\"72789c3\" data-element_type=\"widget\" data-e-type=\"widget\" data-widget_type=\"button.default\">\n\t\t\t\t<div class=\"elementor-widget-container\">\n\t\t\t\t\t\t\t\t\t<div class=\"elementor-button-wrapper\">\n\t\t\t\t\t<a class=\"elementor-button elementor-button-link elementor-size-md\" href=\"http:\/\/investors.accuray.com\/press-releases\" target=\"_blank\">\n\t\t\t\t\t\t<span class=\"elementor-button-content-wrapper\">\n\t\t\t\t\t\t\t\t\t<span class=\"elementor-button-text\">Ver todos<\/span>\n\t\t\t\t\t<\/span>\n\t\t\t\t\t<\/a>\n\t\t\t\t<\/div>\n\t\t\t\t\t\t\t\t<\/div>\n\t\t\t\t<\/div>\n\t\t\t\t\t<\/div>\n\t\t<\/div>\n\t\t\t\t\t<\/div>\n\t\t<\/section>\n\t\t\t\t<\/div>\n\t\t","protected":false},"excerpt":{"rendered":"<p>Not\u00edcias Comunicados de imprensa da Accuray Os comunicados \u00e0 imprensa mais recentes da Accuray, com destaques sobre nossa empresa e nossas tecnologias de radioterapia. Leia nossa declara\u00e7\u00e3o formal sobre a invas\u00e3o militar russa \u00e0 Ucr\u00e2nia &gt; Ver todos<\/p>\n","protected":false},"author":3,"featured_media":0,"parent":0,"menu_order":0,"comment_status":"closed","ping_status":"closed","template":"","meta":{"_acf_changed":false,"inline_featured_image":false,"footnotes":"","_links_to":"","_links_to_target":""},"class_list":["post-26519","page","type-page","status-publish","hentry"],"acf":[],"yoast_head":"<!-- This site is optimized with the Yoast SEO Premium plugin v27.2 (Yoast SEO v27.2) - https:\/\/yoast.com\/product\/yoast-seo-premium-wordpress\/ -->\n<title>Not\u00edcias da Accuray<\/title>\n<meta name=\"description\" content=\"Quer saber sobre as \u00faltimas not\u00edcias da Accuray? Encontre todos os artigos de not\u00edcias e a cobertura de m\u00eddia mais recentes da Accuray, l\u00edder global em sistemas de oncologia de radia\u00e7\u00e3o. Saiba mais sobre nossos avan\u00e7os tecnol\u00f3gicos e nossos parceiros em todo o mundo.\" \/>\n<meta name=\"robots\" content=\"index, follow, max-snippet:-1, max-image-preview:large, max-video-preview:-1\" \/>\n<link rel=\"canonical\" href=\"https:\/\/www.accuray.com\/who-we-are\/news\/\" \/>\n<meta property=\"og:locale\" content=\"pt_BR\" \/>\n<meta property=\"og:type\" content=\"article\" \/>\n<meta property=\"og:title\" content=\"Not\u00edcias\" \/>\n<meta property=\"og:description\" content=\"Quer saber sobre as \u00faltimas not\u00edcias da Accuray? Encontre todos os artigos de not\u00edcias e a cobertura de m\u00eddia mais recentes da Accuray, l\u00edder global em sistemas de oncologia de radia\u00e7\u00e3o. Saiba mais sobre nossos avan\u00e7os tecnol\u00f3gicos e nossos parceiros em todo o mundo.\" \/>\n<meta property=\"og:url\" content=\"https:\/\/www.accuray.com\/who-we-are\/news\/\" \/>\n<meta property=\"og:site_name\" content=\"Accuray\" \/>\n<meta property=\"article:publisher\" content=\"https:\/\/www.facebook.com\/AccurayIncorporated\" \/>\n<meta property=\"article:modified_time\" content=\"2023-01-25T05:06:51+00:00\" \/>\n<meta name=\"twitter:card\" content=\"summary_large_image\" \/>\n<meta name=\"twitter:site\" content=\"@Accuray\" \/>\n<meta name=\"twitter:label1\" content=\"Est. tempo de leitura\" \/>\n\t<meta name=\"twitter:data1\" content=\"2 minutos\" \/>\n<script type=\"application\/ld+json\" class=\"yoast-schema-graph\">{\"@context\":\"https:\/\/schema.org\",\"@graph\":[{\"@type\":\"WebPage\",\"@id\":\"https:\/\/www.accuray.com\/who-we-are\/news\/\",\"url\":\"https:\/\/www.accuray.com\/who-we-are\/news\/\",\"name\":\"Not\u00edcias da Accuray\",\"isPartOf\":{\"@id\":\"https:\/\/www.accuray.com\/#website\"},\"datePublished\":\"2022-11-21T16:25:26+00:00\",\"dateModified\":\"2023-01-25T05:06:51+00:00\",\"description\":\"Quer saber sobre as \u00faltimas not\u00edcias da Accuray? Encontre todos os artigos de not\u00edcias e a cobertura de m\u00eddia mais recentes da Accuray, l\u00edder global em sistemas de oncologia de radia\u00e7\u00e3o. Saiba mais sobre nossos avan\u00e7os tecnol\u00f3gicos e nossos parceiros em todo o mundo.\",\"breadcrumb\":{\"@id\":\"https:\/\/www.accuray.com\/who-we-are\/news\/#breadcrumb\"},\"inLanguage\":\"pt-BR\",\"potentialAction\":[{\"@type\":\"ReadAction\",\"target\":[\"https:\/\/www.accuray.com\/who-we-are\/news\/\"]}]},{\"@type\":\"BreadcrumbList\",\"@id\":\"https:\/\/www.accuray.com\/who-we-are\/news\/#breadcrumb\",\"itemListElement\":[{\"@type\":\"ListItem\",\"position\":1,\"name\":\"Home\",\"item\":\"https:\/\/www.accuray.com\/\"},{\"@type\":\"ListItem\",\"position\":2,\"name\":\"Not\u00edcias\"}]},{\"@type\":\"WebSite\",\"@id\":\"https:\/\/www.accuray.com\/#website\",\"url\":\"https:\/\/www.accuray.com\/\",\"name\":\"Accuray\",\"description\":\"Deliver More. Better. Faster\",\"publisher\":{\"@id\":\"https:\/\/www.accuray.com\/#organization\"},\"potentialAction\":[{\"@type\":\"SearchAction\",\"target\":{\"@type\":\"EntryPoint\",\"urlTemplate\":\"https:\/\/www.accuray.com\/?s={search_term_string}\"},\"query-input\":{\"@type\":\"PropertyValueSpecification\",\"valueRequired\":true,\"valueName\":\"search_term_string\"}}],\"inLanguage\":\"pt-BR\"},{\"@type\":\"Organization\",\"@id\":\"https:\/\/www.accuray.com\/#organization\",\"name\":\"Accuray Incorporated\",\"url\":\"https:\/\/www.accuray.com\/\",\"logo\":{\"@type\":\"ImageObject\",\"inLanguage\":\"pt-BR\",\"@id\":\"https:\/\/www.accuray.com\/#\/schema\/logo\/image\/\",\"url\":\"https:\/\/www.accuray.com\/wp-content\/uploads\/accuray-logo200.jpg\",\"contentUrl\":\"https:\/\/www.accuray.com\/wp-content\/uploads\/accuray-logo200.jpg\",\"width\":200,\"height\":24,\"caption\":\"Accuray Incorporated\"},\"image\":{\"@id\":\"https:\/\/www.accuray.com\/#\/schema\/logo\/image\/\"},\"sameAs\":[\"https:\/\/www.facebook.com\/AccurayIncorporated\",\"https:\/\/x.com\/Accuray\",\"https:\/\/www.linkedin.com\/company\/accuray\/\"]}]}<\/script>\n<!-- \/ Yoast SEO Premium plugin. -->","yoast_head_json":{"title":"Not\u00edcias da Accuray","description":"Quer saber sobre as \u00faltimas not\u00edcias da Accuray? Encontre todos os artigos de not\u00edcias e a cobertura de m\u00eddia mais recentes da Accuray, l\u00edder global em sistemas de oncologia de radia\u00e7\u00e3o. Saiba mais sobre nossos avan\u00e7os tecnol\u00f3gicos e nossos parceiros em todo o mundo.","robots":{"index":"index","follow":"follow","max-snippet":"max-snippet:-1","max-image-preview":"max-image-preview:large","max-video-preview":"max-video-preview:-1"},"canonical":"https:\/\/www.accuray.com\/who-we-are\/news\/","og_locale":"pt_BR","og_type":"article","og_title":"Not\u00edcias","og_description":"Quer saber sobre as \u00faltimas not\u00edcias da Accuray? Encontre todos os artigos de not\u00edcias e a cobertura de m\u00eddia mais recentes da Accuray, l\u00edder global em sistemas de oncologia de radia\u00e7\u00e3o. Saiba mais sobre nossos avan\u00e7os tecnol\u00f3gicos e nossos parceiros em todo o mundo.","og_url":"https:\/\/www.accuray.com\/who-we-are\/news\/","og_site_name":"Accuray","article_publisher":"https:\/\/www.facebook.com\/AccurayIncorporated","article_modified_time":"2023-01-25T05:06:51+00:00","twitter_card":"summary_large_image","twitter_site":"@Accuray","twitter_misc":{"Est. tempo de leitura":"2 minutos"},"schema":{"@context":"https:\/\/schema.org","@graph":[{"@type":"WebPage","@id":"https:\/\/www.accuray.com\/who-we-are\/news\/","url":"https:\/\/www.accuray.com\/who-we-are\/news\/","name":"Not\u00edcias da Accuray","isPartOf":{"@id":"https:\/\/www.accuray.com\/#website"},"datePublished":"2022-11-21T16:25:26+00:00","dateModified":"2023-01-25T05:06:51+00:00","description":"Quer saber sobre as \u00faltimas not\u00edcias da Accuray? Encontre todos os artigos de not\u00edcias e a cobertura de m\u00eddia mais recentes da Accuray, l\u00edder global em sistemas de oncologia de radia\u00e7\u00e3o. Saiba mais sobre nossos avan\u00e7os tecnol\u00f3gicos e nossos parceiros em todo o mundo.","breadcrumb":{"@id":"https:\/\/www.accuray.com\/who-we-are\/news\/#breadcrumb"},"inLanguage":"pt-BR","potentialAction":[{"@type":"ReadAction","target":["https:\/\/www.accuray.com\/who-we-are\/news\/"]}]},{"@type":"BreadcrumbList","@id":"https:\/\/www.accuray.com\/who-we-are\/news\/#breadcrumb","itemListElement":[{"@type":"ListItem","position":1,"name":"Home","item":"https:\/\/www.accuray.com\/"},{"@type":"ListItem","position":2,"name":"Not\u00edcias"}]},{"@type":"WebSite","@id":"https:\/\/www.accuray.com\/#website","url":"https:\/\/www.accuray.com\/","name":"Accuray","description":"Deliver More. Better. Faster","publisher":{"@id":"https:\/\/www.accuray.com\/#organization"},"potentialAction":[{"@type":"SearchAction","target":{"@type":"EntryPoint","urlTemplate":"https:\/\/www.accuray.com\/?s={search_term_string}"},"query-input":{"@type":"PropertyValueSpecification","valueRequired":true,"valueName":"search_term_string"}}],"inLanguage":"pt-BR"},{"@type":"Organization","@id":"https:\/\/www.accuray.com\/#organization","name":"Accuray Incorporated","url":"https:\/\/www.accuray.com\/","logo":{"@type":"ImageObject","inLanguage":"pt-BR","@id":"https:\/\/www.accuray.com\/#\/schema\/logo\/image\/","url":"https:\/\/www.accuray.com\/wp-content\/uploads\/accuray-logo200.jpg","contentUrl":"https:\/\/www.accuray.com\/wp-content\/uploads\/accuray-logo200.jpg","width":200,"height":24,"caption":"Accuray Incorporated"},"image":{"@id":"https:\/\/www.accuray.com\/#\/schema\/logo\/image\/"},"sameAs":["https:\/\/www.facebook.com\/AccurayIncorporated","https:\/\/x.com\/Accuray","https:\/\/www.linkedin.com\/company\/accuray\/"]}]}},"_links":{"self":[{"href":"https:\/\/www.accuray.com\/pt-br\/wp-json\/wp\/v2\/pages\/26519","targetHints":{"allow":["GET"]}}],"collection":[{"href":"https:\/\/www.accuray.com\/pt-br\/wp-json\/wp\/v2\/pages"}],"about":[{"href":"https:\/\/www.accuray.com\/pt-br\/wp-json\/wp\/v2\/types\/page"}],"author":[{"embeddable":true,"href":"https:\/\/www.accuray.com\/pt-br\/wp-json\/wp\/v2\/users\/3"}],"replies":[{"embeddable":true,"href":"https:\/\/www.accuray.com\/pt-br\/wp-json\/wp\/v2\/comments?post=26519"}],"version-history":[{"count":0,"href":"https:\/\/www.accuray.com\/pt-br\/wp-json\/wp\/v2\/pages\/26519\/revisions"}],"wp:attachment":[{"href":"https:\/\/www.accuray.com\/pt-br\/wp-json\/wp\/v2\/media?parent=26519"}],"curies":[{"name":"wp","href":"https:\/\/api.w.org\/{rel}","templated":true}]}}