{"id":26559,"date":"2022-11-21T11:28:10","date_gmt":"2022-11-21T16:28:10","guid":{"rendered":"https:\/\/www.accuray.com\/centros-de-tratamento\/"},"modified":"2023-01-04T16:52:43","modified_gmt":"2023-01-04T21:52:43","slug":"centros-de-tratamento","status":"publish","type":"page","link":"https:\/\/www.accuray.com\/pt-br\/centros-de-tratamento\/","title":{"rendered":"Centros de tratamento"},"content":{"rendered":"\t\t<div data-elementor-type=\"wp-page\" data-elementor-id=\"26559\" class=\"elementor elementor-26559 elementor-16\" data-elementor-post-type=\"page\">\n\t\t\t\t\t\t<section class=\"elementor-section elementor-top-section elementor-element elementor-element-595a52a7 elementor-section-height-min-height elementor-section-content-middle elementor-section-boxed elementor-section-height-default elementor-section-items-middle\" data-id=\"595a52a7\" data-element_type=\"section\" data-e-type=\"section\" data-settings=\"{&quot;background_background&quot;:&quot;classic&quot;}\">\n\t\t\t\t\t\t<div class=\"elementor-container elementor-column-gap-default\">\n\t\t\t\t\t<div class=\"elementor-column elementor-col-100 elementor-top-column elementor-element elementor-element-2e096344\" data-id=\"2e096344\" data-element_type=\"column\" data-e-type=\"column\">\n\t\t\t<div class=\"elementor-widget-wrap elementor-element-populated\">\n\t\t\t\t\t\t<div class=\"elementor-element elementor-element-1ba84686 elementor-widget elementor-widget-heading\" data-id=\"1ba84686\" data-element_type=\"widget\" data-e-type=\"widget\" data-widget_type=\"heading.default\">\n\t\t\t\t<div class=\"elementor-widget-container\">\n\t\t\t\t\t<h2 class=\"elementor-heading-title elementor-size-default\">Centros de tratamento<\/h2>\t\t\t\t<\/div>\n\t\t\t\t<\/div>\n\t\t\t\t\t<\/div>\n\t\t<\/div>\n\t\t\t\t\t<\/div>\n\t\t<\/section>\n\t\t\t\t<section class=\"elementor-section elementor-top-section elementor-element elementor-element-57ede2c elementor-section-boxed elementor-section-height-default elementor-section-height-default\" data-id=\"57ede2c\" data-element_type=\"section\" data-e-type=\"section\">\n\t\t\t\t\t\t<div class=\"elementor-container elementor-column-gap-default\">\n\t\t\t\t\t<div class=\"elementor-column elementor-col-100 elementor-top-column elementor-element elementor-element-4fcdefe\" data-id=\"4fcdefe\" data-element_type=\"column\" data-e-type=\"column\">\n\t\t\t<div class=\"elementor-widget-wrap elementor-element-populated\">\n\t\t\t\t\t\t<div class=\"elementor-element elementor-element-91efe81 elementor-widget elementor-widget-heading\" data-id=\"91efe81\" data-element_type=\"widget\" data-e-type=\"widget\" data-widget_type=\"heading.default\">\n\t\t\t\t<div class=\"elementor-widget-container\">\n\t\t\t\t\t<h3 class=\"elementor-heading-title elementor-size-default\">Encontre uma instala\u00e7\u00e3o perto de voc\u00ea<\/h3>\t\t\t\t<\/div>\n\t\t\t\t<\/div>\n\t\t\t\t<div class=\"elementor-element elementor-element-2cd15ec elementor-widget-divider--view-line elementor-widget elementor-widget-divider\" data-id=\"2cd15ec\" data-element_type=\"widget\" data-e-type=\"widget\" data-widget_type=\"divider.default\">\n\t\t\t\t<div class=\"elementor-widget-container\">\n\t\t\t\t\t\t\t<div class=\"elementor-divider\">\n\t\t\t<span class=\"elementor-divider-separator\">\n\t\t\t\t\t\t<\/span>\n\t\t<\/div>\n\t\t\t\t\t\t<\/div>\n\t\t\t\t<\/div>\n\t\t\t\t<div class=\"elementor-element elementor-element-9174d8a elementor-widget elementor-widget-text-editor\" data-id=\"9174d8a\" data-element_type=\"widget\" data-e-type=\"widget\" data-widget_type=\"text-editor.default\">\n\t\t\t\t<div class=\"elementor-widget-container\">\n\t\t\t\t\t\t\t\t\t<p>Este localizador \u00e9 uma ferramenta para ajud\u00e1-lo a procurar a tecnologia Accuray perto de voc\u00ea. Indique a sua localiza\u00e7\u00e3o de pesquisa. Clicar em um centro de tratamento leva voc\u00ea diretamente ao site do centro, se dispon\u00edvel. Observa\u00e7\u00e3o: a Accuray tenta fornecer informa\u00e7\u00f5es atualizadas. Verifique com um m\u00e9dico ou hospital local para obter as informa\u00e7\u00f5es mais atualizadas.<\/p>\n\t\t\t\t\t\t\t\t<\/div>\n\t\t\t\t<\/div>\n\t\t\t\t\t<\/div>\n\t\t<\/div>\n\t\t\t\t\t<\/div>\n\t\t<\/section>\n\t\t\t\t<section class=\"elementor-section elementor-top-section elementor-element elementor-element-3d094bb elementor-section-boxed elementor-section-height-default elementor-section-height-default\" data-id=\"3d094bb\" data-element_type=\"section\" data-e-type=\"section\">\n\t\t\t\t\t\t<div class=\"elementor-container elementor-column-gap-default\">\n\t\t\t\t\t<div class=\"elementor-column elementor-col-100 elementor-top-column elementor-element elementor-element-dcdbde6\" data-id=\"dcdbde6\" data-element_type=\"column\" data-e-type=\"column\">\n\t\t\t<div class=\"elementor-widget-wrap elementor-element-populated\">\n\t\t\t\t\t\t<div class=\"elementor-element elementor-element-fc52a38 elementor-widget elementor-widget-html\" data-id=\"fc52a38\" data-element_type=\"widget\" data-e-type=\"widget\" data-widget_type=\"html.default\">\n\t\t\t\t<div class=\"elementor-widget-container\">\n\t\t\t\t\t<div id=\"storepoint-container\" data-map-key=\"\" data-map-id=\"15b2aa639da2ff\"><\/div>\t\t\t\t<\/div>\n\t\t\t\t<\/div>\n\t\t\t\t<div class=\"elementor-element elementor-element-d978444 elementor-widget elementor-widget-html\" data-id=\"d978444\" data-element_type=\"widget\" data-e-type=\"widget\" data-widget_type=\"html.default\">\n\t\t\t\t<div class=\"elementor-widget-container\">\n\t\t\t\t\t<script>(function(){var a=document.createElement(\"script\");a.type=\"text\/javascript\";a.async=!0;a.src=\"https:\/\/cdn.storepoint.co\/api\/v1\/js\/15b2aa639da2ff.js\";var b=document.getElementsByTagName(\"script\")[0];b.parentNode.insertBefore(a,b);}());<\/script>\t\t\t\t<\/div>\n\t\t\t\t<\/div>\n\t\t\t\t\t<\/div>\n\t\t<\/div>\n\t\t\t\t\t<\/div>\n\t\t<\/section>\n\t\t\t\t<\/div>\n\t\t","protected":false},"excerpt":{"rendered":"<p>Centros de tratamento Encontre uma instala\u00e7\u00e3o perto de voc\u00ea Este localizador \u00e9 uma ferramenta para ajud\u00e1-lo a procurar a tecnologia Accuray perto de voc\u00ea. Indique a sua localiza\u00e7\u00e3o de pesquisa. Clicar em um centro de tratamento leva voc\u00ea diretamente ao site do centro, se dispon\u00edvel. Observa\u00e7\u00e3o: a Accuray tenta fornecer informa\u00e7\u00f5es atualizadas. Verifique com um [&hellip;]<\/p>\n","protected":false},"author":3,"featured_media":0,"parent":0,"menu_order":0,"comment_status":"closed","ping_status":"closed","template":"","meta":{"_acf_changed":false,"inline_featured_image":false,"footnotes":"","_links_to":"","_links_to_target":""},"class_list":["post-26559","page","type-page","status-publish","hentry"],"acf":[],"yoast_head":"<!-- This site is optimized with the Yoast SEO Premium plugin v27.2 (Yoast SEO v27.2) - https:\/\/yoast.com\/product\/yoast-seo-premium-wordpress\/ -->\n<title>Centros de tratamento - Accuray<\/title>\n<meta name=\"robots\" content=\"index, follow, max-snippet:-1, max-image-preview:large, max-video-preview:-1\" \/>\n<link rel=\"canonical\" href=\"https:\/\/www.accuray.com\/pt-br\/centros-de-tratamento\/\" \/>\n<meta property=\"og:locale\" content=\"pt_BR\" \/>\n<meta property=\"og:type\" content=\"article\" \/>\n<meta property=\"og:title\" content=\"Centros de tratamento\" \/>\n<meta property=\"og:description\" content=\"Centros de tratamento Encontre uma instala\u00e7\u00e3o perto de voc\u00ea Este localizador \u00e9 uma ferramenta para ajud\u00e1-lo a procurar a tecnologia Accuray perto de voc\u00ea. Indique a sua localiza\u00e7\u00e3o de pesquisa. Clicar em um centro de tratamento leva voc\u00ea diretamente ao site do centro, se dispon\u00edvel. Observa\u00e7\u00e3o: a Accuray tenta fornecer informa\u00e7\u00f5es atualizadas. Verifique com um [&hellip;]\" \/>\n<meta property=\"og:url\" content=\"https:\/\/www.accuray.com\/pt-br\/centros-de-tratamento\/\" \/>\n<meta property=\"og:site_name\" content=\"Accuray\" \/>\n<meta property=\"article:publisher\" content=\"https:\/\/www.facebook.com\/AccurayIncorporated\" \/>\n<meta property=\"article:modified_time\" content=\"2023-01-04T21:52:43+00:00\" \/>\n<meta name=\"twitter:card\" content=\"summary_large_image\" \/>\n<meta name=\"twitter:site\" content=\"@Accuray\" \/>\n<meta name=\"twitter:label1\" content=\"Est. tempo de leitura\" \/>\n\t<meta name=\"twitter:data1\" content=\"289 minutos\" \/>\n<script type=\"application\/ld+json\" class=\"yoast-schema-graph\">{\"@context\":\"https:\/\/schema.org\",\"@graph\":[{\"@type\":\"WebPage\",\"@id\":\"https:\/\/www.accuray.com\/pt-br\/centros-de-tratamento\/\",\"url\":\"https:\/\/www.accuray.com\/pt-br\/centros-de-tratamento\/\",\"name\":\"Centros de tratamento - Accuray\",\"isPartOf\":{\"@id\":\"https:\/\/www.accuray.com\/#website\"},\"datePublished\":\"2022-11-21T16:28:10+00:00\",\"dateModified\":\"2023-01-04T21:52:43+00:00\",\"breadcrumb\":{\"@id\":\"https:\/\/www.accuray.com\/pt-br\/centros-de-tratamento\/#breadcrumb\"},\"inLanguage\":\"pt-BR\",\"potentialAction\":[{\"@type\":\"ReadAction\",\"target\":[\"https:\/\/www.accuray.com\/pt-br\/centros-de-tratamento\/\"]}]},{\"@type\":\"BreadcrumbList\",\"@id\":\"https:\/\/www.accuray.com\/pt-br\/centros-de-tratamento\/#breadcrumb\",\"itemListElement\":[{\"@type\":\"ListItem\",\"position\":1,\"name\":\"Home\",\"item\":\"https:\/\/www.accuray.com\/\"},{\"@type\":\"ListItem\",\"position\":2,\"name\":\"Centros de tratamento\"}]},{\"@type\":\"WebSite\",\"@id\":\"https:\/\/www.accuray.com\/#website\",\"url\":\"https:\/\/www.accuray.com\/\",\"name\":\"Accuray\",\"description\":\"Deliver More. Better. Faster\",\"publisher\":{\"@id\":\"https:\/\/www.accuray.com\/#organization\"},\"potentialAction\":[{\"@type\":\"SearchAction\",\"target\":{\"@type\":\"EntryPoint\",\"urlTemplate\":\"https:\/\/www.accuray.com\/?s={search_term_string}\"},\"query-input\":{\"@type\":\"PropertyValueSpecification\",\"valueRequired\":true,\"valueName\":\"search_term_string\"}}],\"inLanguage\":\"pt-BR\"},{\"@type\":\"Organization\",\"@id\":\"https:\/\/www.accuray.com\/#organization\",\"name\":\"Accuray Incorporated\",\"url\":\"https:\/\/www.accuray.com\/\",\"logo\":{\"@type\":\"ImageObject\",\"inLanguage\":\"pt-BR\",\"@id\":\"https:\/\/www.accuray.com\/#\/schema\/logo\/image\/\",\"url\":\"https:\/\/www.accuray.com\/wp-content\/uploads\/accuray-logo200.jpg\",\"contentUrl\":\"https:\/\/www.accuray.com\/wp-content\/uploads\/accuray-logo200.jpg\",\"width\":200,\"height\":24,\"caption\":\"Accuray Incorporated\"},\"image\":{\"@id\":\"https:\/\/www.accuray.com\/#\/schema\/logo\/image\/\"},\"sameAs\":[\"https:\/\/www.facebook.com\/AccurayIncorporated\",\"https:\/\/x.com\/Accuray\",\"https:\/\/www.linkedin.com\/company\/accuray\/\"]}]}<\/script>\n<!-- \/ Yoast SEO Premium plugin. -->","yoast_head_json":{"title":"Centros de tratamento - Accuray","robots":{"index":"index","follow":"follow","max-snippet":"max-snippet:-1","max-image-preview":"max-image-preview:large","max-video-preview":"max-video-preview:-1"},"canonical":"https:\/\/www.accuray.com\/pt-br\/centros-de-tratamento\/","og_locale":"pt_BR","og_type":"article","og_title":"Centros de tratamento","og_description":"Centros de tratamento Encontre uma instala\u00e7\u00e3o perto de voc\u00ea Este localizador \u00e9 uma ferramenta para ajud\u00e1-lo a procurar a tecnologia Accuray perto de voc\u00ea. Indique a sua localiza\u00e7\u00e3o de pesquisa. Clicar em um centro de tratamento leva voc\u00ea diretamente ao site do centro, se dispon\u00edvel. Observa\u00e7\u00e3o: a Accuray tenta fornecer informa\u00e7\u00f5es atualizadas. Verifique com um [&hellip;]","og_url":"https:\/\/www.accuray.com\/pt-br\/centros-de-tratamento\/","og_site_name":"Accuray","article_publisher":"https:\/\/www.facebook.com\/AccurayIncorporated","article_modified_time":"2023-01-04T21:52:43+00:00","twitter_card":"summary_large_image","twitter_site":"@Accuray","twitter_misc":{"Est. tempo de leitura":"289 minutos"},"schema":{"@context":"https:\/\/schema.org","@graph":[{"@type":"WebPage","@id":"https:\/\/www.accuray.com\/pt-br\/centros-de-tratamento\/","url":"https:\/\/www.accuray.com\/pt-br\/centros-de-tratamento\/","name":"Centros de tratamento - Accuray","isPartOf":{"@id":"https:\/\/www.accuray.com\/#website"},"datePublished":"2022-11-21T16:28:10+00:00","dateModified":"2023-01-04T21:52:43+00:00","breadcrumb":{"@id":"https:\/\/www.accuray.com\/pt-br\/centros-de-tratamento\/#breadcrumb"},"inLanguage":"pt-BR","potentialAction":[{"@type":"ReadAction","target":["https:\/\/www.accuray.com\/pt-br\/centros-de-tratamento\/"]}]},{"@type":"BreadcrumbList","@id":"https:\/\/www.accuray.com\/pt-br\/centros-de-tratamento\/#breadcrumb","itemListElement":[{"@type":"ListItem","position":1,"name":"Home","item":"https:\/\/www.accuray.com\/"},{"@type":"ListItem","position":2,"name":"Centros de tratamento"}]},{"@type":"WebSite","@id":"https:\/\/www.accuray.com\/#website","url":"https:\/\/www.accuray.com\/","name":"Accuray","description":"Deliver More. Better. Faster","publisher":{"@id":"https:\/\/www.accuray.com\/#organization"},"potentialAction":[{"@type":"SearchAction","target":{"@type":"EntryPoint","urlTemplate":"https:\/\/www.accuray.com\/?s={search_term_string}"},"query-input":{"@type":"PropertyValueSpecification","valueRequired":true,"valueName":"search_term_string"}}],"inLanguage":"pt-BR"},{"@type":"Organization","@id":"https:\/\/www.accuray.com\/#organization","name":"Accuray Incorporated","url":"https:\/\/www.accuray.com\/","logo":{"@type":"ImageObject","inLanguage":"pt-BR","@id":"https:\/\/www.accuray.com\/#\/schema\/logo\/image\/","url":"https:\/\/www.accuray.com\/wp-content\/uploads\/accuray-logo200.jpg","contentUrl":"https:\/\/www.accuray.com\/wp-content\/uploads\/accuray-logo200.jpg","width":200,"height":24,"caption":"Accuray Incorporated"},"image":{"@id":"https:\/\/www.accuray.com\/#\/schema\/logo\/image\/"},"sameAs":["https:\/\/www.facebook.com\/AccurayIncorporated","https:\/\/x.com\/Accuray","https:\/\/www.linkedin.com\/company\/accuray\/"]}]}},"_links":{"self":[{"href":"https:\/\/www.accuray.com\/pt-br\/wp-json\/wp\/v2\/pages\/26559","targetHints":{"allow":["GET"]}}],"collection":[{"href":"https:\/\/www.accuray.com\/pt-br\/wp-json\/wp\/v2\/pages"}],"about":[{"href":"https:\/\/www.accuray.com\/pt-br\/wp-json\/wp\/v2\/types\/page"}],"author":[{"embeddable":true,"href":"https:\/\/www.accuray.com\/pt-br\/wp-json\/wp\/v2\/users\/3"}],"replies":[{"embeddable":true,"href":"https:\/\/www.accuray.com\/pt-br\/wp-json\/wp\/v2\/comments?post=26559"}],"version-history":[{"count":0,"href":"https:\/\/www.accuray.com\/pt-br\/wp-json\/wp\/v2\/pages\/26559\/revisions"}],"wp:attachment":[{"href":"https:\/\/www.accuray.com\/pt-br\/wp-json\/wp\/v2\/media?parent=26559"}],"curies":[{"name":"wp","href":"https:\/\/api.w.org\/{rel}","templated":true}]}}